{"id":6685,"date":"2025-05-17T18:13:10","date_gmt":"2025-05-17T16:13:10","guid":{"rendered":"https:\/\/eba.hmy.temporary.site\/prodotto\/cat-pole\/"},"modified":"2026-05-04T18:02:28","modified_gmt":"2026-05-04T16:02:28","slug":"poteau-de-chat","status":"publish","type":"product","link":"https:\/\/unitedpets.com\/fr\/prodotto\/cat-pole\/","title":{"rendered":"Griffoir extensible de table pour chats \u201cCat Pole\u201d"},"content":{"rendered":"<h1>Griffoir extensible de table pour chats \u201cCat Pole\u201d<\/h1>\n<p>Cat Pole est un griffoir de table extensible. Il est dot\u00e9 d'une base en caoutchouc qui le rend antid\u00e9rapant et \u00e9vite d'ab\u00eemer les sols. La partie sup\u00e9rieure est en fibre de coco naturelle, id\u00e9ale pour se faire les ongles, tandis que la partie inf\u00e9rieure est en rotin, ce qui en fait un griffoir agr\u00e9able pour les chats. Il est accompagn\u00e9 d'une balle en peluche pour les moments de jeu.<\/p>","protected":false},"excerpt":{"rendered":"<p>Scopri il <a href=\"https:\/\/unitedpets.com\/fr\/product-2\/poteau-de-chat\/\">griffoir<\/a> estensibile da tavolo per gatti Cat Pole un accessorio pratico, versatile e divertente pensato per offrire al tuo micio momenti di gioco e di relax senza compromettere mobili e pavimenti.<\/p>","protected":false},"featured_media":7287,"comment_status":"closed","ping_status":"closed","template":"","meta":[],"product_brand":[],"product_cat":[56,84,21],"product_tag":[],"discount-clusters":[],"collezioni":[],"eco-friendly":[],"animal-type":[273],"designer":[305],"stagionalita":[],"class_list":{"0":"post-6685","1":"product","2":"type-product","3":"status-publish","4":"has-post-thumbnail","6":"product_cat-gatto","7":"product_cat-casa-gatto","8":"product_cat-cat-toy","9":"animal-type-gatto","10":"designer-alessandra-pasetti","12":"first","13":"instock","14":"shipping-taxable","15":"purchasable","16":"product-type-simple"},"_links":{"self":[{"href":"https:\/\/unitedpets.com\/fr\/wp-json\/wp\/v2\/product\/6685","targetHints":{"allow":["GET"]}}],"collection":[{"href":"https:\/\/unitedpets.com\/fr\/wp-json\/wp\/v2\/product"}],"about":[{"href":"https:\/\/unitedpets.com\/fr\/wp-json\/wp\/v2\/types\/product"}],"replies":[{"embeddable":true,"href":"https:\/\/unitedpets.com\/fr\/wp-json\/wp\/v2\/comments?post=6685"}],"wp:featuredmedia":[{"embeddable":true,"href":"https:\/\/unitedpets.com\/fr\/wp-json\/wp\/v2\/media\/7287"}],"wp:attachment":[{"href":"https:\/\/unitedpets.com\/fr\/wp-json\/wp\/v2\/media?parent=6685"}],"wp:term":[{"taxonomy":"product_brand","embeddable":true,"href":"https:\/\/unitedpets.com\/fr\/wp-json\/wp\/v2\/product_brand?post=6685"},{"taxonomy":"product_cat","embeddable":true,"href":"https:\/\/unitedpets.com\/fr\/wp-json\/wp\/v2\/product_cat?post=6685"},{"taxonomy":"product_tag","embeddable":true,"href":"https:\/\/unitedpets.com\/fr\/wp-json\/wp\/v2\/product_tag?post=6685"},{"taxonomy":"discount-clusters","embeddable":true,"href":"https:\/\/unitedpets.com\/fr\/wp-json\/wp\/v2\/discount-clusters?post=6685"},{"taxonomy":"collezioni","embeddable":true,"href":"https:\/\/unitedpets.com\/fr\/wp-json\/wp\/v2\/collezioni?post=6685"},{"taxonomy":"eco-friendly","embeddable":true,"href":"https:\/\/unitedpets.com\/fr\/wp-json\/wp\/v2\/eco-friendly?post=6685"},{"taxonomy":"animal-type","embeddable":true,"href":"https:\/\/unitedpets.com\/fr\/wp-json\/wp\/v2\/animal-type?post=6685"},{"taxonomy":"designer","embeddable":true,"href":"https:\/\/unitedpets.com\/fr\/wp-json\/wp\/v2\/designer?post=6685"},{"taxonomy":"stagionalita","embeddable":true,"href":"https:\/\/unitedpets.com\/fr\/wp-json\/wp\/v2\/stagionalita?post=6685"}],"curies":[{"name":"wp","href":"https:\/\/api.w.org\/{rel}","templated":true}]}}