{"id":6686,"date":"2025-05-17T18:13:13","date_gmt":"2025-05-17T16:13:13","guid":{"rendered":"https:\/\/eba.hmy.temporary.site\/prodotto\/cat-scratcher\/"},"modified":"2026-05-04T20:02:30","modified_gmt":"2026-05-04T18:02:30","slug":"griffoir-pour-chat","status":"publish","type":"product","link":"https:\/\/unitedpets.com\/fr\/prodotto\/cat-scratcher\/","title":{"rendered":"Griffoir pour pieds de table \u201cCat Scratcher\u201d"},"content":{"rendered":"<h1>Griffoir pour pieds de table \u201cCat Scratcher\u201d<\/h1>\n<p>Cat scratcher \u00e8 un tiragraffi per gambe del tavolo. La parte interna \u00e8 realizzata con un materiale antiscivolo che ne garantisce la stabilit\u00e0, mentre l&#8217;esterno \u00e8 in sisal per stimolare il gatto a farsi le unghie. Grazie alla fascia in velcro \u00e8 adattabile a qualsiasi gamba.<\/p>","protected":false},"excerpt":{"rendered":"<p>Scopri il <a href=\"https:\/\/unitedpets.com\/fr\/product-2\/griffoir-pour-chat\/\">griffoir<\/a> per gambe del tavolo <a href=\"https:\/\/www.instagram.com\/unitedpets\/\">Griffoir pour chat<\/a> un accessorio pratico, funzionale e divertente pensato per proteggere i mobili di casa e offrire al tuo gatto uno spazio sicuro e stimolante dove farsi le unghie.<\/p>","protected":false},"featured_media":7291,"comment_status":"closed","ping_status":"closed","template":"","meta":[],"product_brand":[],"product_cat":[56,84,21],"product_tag":[],"discount-clusters":[],"collezioni":[333],"eco-friendly":[],"animal-type":[273],"designer":[282],"stagionalita":[],"class_list":{"0":"post-6686","1":"product","2":"type-product","3":"status-publish","4":"has-post-thumbnail","6":"product_cat-gatto","7":"product_cat-casa-gatto","8":"product_cat-cat-toy","9":"collezioni-ld","10":"animal-type-gatto","11":"designer-azzolini-tinuper","13":"first","14":"instock","15":"shipping-taxable","16":"purchasable","17":"product-type-simple"},"_links":{"self":[{"href":"https:\/\/unitedpets.com\/fr\/wp-json\/wp\/v2\/product\/6686","targetHints":{"allow":["GET"]}}],"collection":[{"href":"https:\/\/unitedpets.com\/fr\/wp-json\/wp\/v2\/product"}],"about":[{"href":"https:\/\/unitedpets.com\/fr\/wp-json\/wp\/v2\/types\/product"}],"replies":[{"embeddable":true,"href":"https:\/\/unitedpets.com\/fr\/wp-json\/wp\/v2\/comments?post=6686"}],"wp:featuredmedia":[{"embeddable":true,"href":"https:\/\/unitedpets.com\/fr\/wp-json\/wp\/v2\/media\/7291"}],"wp:attachment":[{"href":"https:\/\/unitedpets.com\/fr\/wp-json\/wp\/v2\/media?parent=6686"}],"wp:term":[{"taxonomy":"product_brand","embeddable":true,"href":"https:\/\/unitedpets.com\/fr\/wp-json\/wp\/v2\/product_brand?post=6686"},{"taxonomy":"product_cat","embeddable":true,"href":"https:\/\/unitedpets.com\/fr\/wp-json\/wp\/v2\/product_cat?post=6686"},{"taxonomy":"product_tag","embeddable":true,"href":"https:\/\/unitedpets.com\/fr\/wp-json\/wp\/v2\/product_tag?post=6686"},{"taxonomy":"discount-clusters","embeddable":true,"href":"https:\/\/unitedpets.com\/fr\/wp-json\/wp\/v2\/discount-clusters?post=6686"},{"taxonomy":"collezioni","embeddable":true,"href":"https:\/\/unitedpets.com\/fr\/wp-json\/wp\/v2\/collezioni?post=6686"},{"taxonomy":"eco-friendly","embeddable":true,"href":"https:\/\/unitedpets.com\/fr\/wp-json\/wp\/v2\/eco-friendly?post=6686"},{"taxonomy":"animal-type","embeddable":true,"href":"https:\/\/unitedpets.com\/fr\/wp-json\/wp\/v2\/animal-type?post=6686"},{"taxonomy":"designer","embeddable":true,"href":"https:\/\/unitedpets.com\/fr\/wp-json\/wp\/v2\/designer?post=6686"},{"taxonomy":"stagionalita","embeddable":true,"href":"https:\/\/unitedpets.com\/fr\/wp-json\/wp\/v2\/stagionalita?post=6686"}],"curies":[{"name":"wp","href":"https:\/\/api.w.org\/{rel}","templated":true}]}}