{"id":6687,"date":"2025-05-17T18:13:15","date_gmt":"2025-05-17T16:13:15","guid":{"rendered":"https:\/\/eba.hmy.temporary.site\/prodotto\/cat-view\/"},"modified":"2026-05-07T12:02:45","modified_gmt":"2026-05-07T10:02:45","slug":"vue-du-chat","status":"publish","type":"product","link":"https:\/\/unitedpets.com\/fr\/prodotto\/cat-view\/","title":{"rendered":"Lit de fen\u00eatre avec ventouse pour chats \u201cCat View\u201d"},"content":{"rendered":"<h1>Lit de fen\u00eatre avec ventouse pour chats \u201cCat View\u201d<\/h1>\n<p>Cat View est un lit de fen\u00eatre pour les chats qui aiment observer leur territoire d'en haut. Il peut \u00eatre assembl\u00e9 sans outils ; gr\u00e2ce \u00e0 des ventouses tr\u00e8s r\u00e9sistantes et \u00e0 de solides cordes d'acier, il peut supporter une charge maximale de 20 kg. La toile a une face hiver et une face \u00e9t\u00e9. Il est id\u00e9al pour les vitres et les portes vitr\u00e9es.<\/p>","protected":false},"excerpt":{"rendered":"<p><a href=\"https:\/\/www.instagram.com\/unitedpets\/\">Scopri il lettino<\/a> da finestra con ventosa per gatti<a href=\"https:\/\/unitedpets.com\/fr\/product-2\/vue-du-chat\/\"> Cat View<\/a> una soluzione innovativa pensata per offrire al tuo gatto un punto di osservazione privilegiato direttamente sulla finestra di casa.\u00a0con ventosa per gatti Cat View una soluzione innovativa pensata per offrire al tuo gatto un punto di osservazione privilegiato direttamente sulla finestra di casa.<\/p>","protected":false},"featured_media":7298,"comment_status":"closed","ping_status":"closed","template":"","meta":[],"product_brand":[],"product_cat":[56,84,85],"product_tag":[],"discount-clusters":[],"collezioni":[],"eco-friendly":[],"animal-type":[273],"designer":[306],"stagionalita":[],"class_list":{"0":"post-6687","1":"product","2":"type-product","3":"status-publish","4":"has-post-thumbnail","6":"product_cat-gatto","7":"product_cat-casa-gatto","8":"product_cat-cucce-e-cuscini-casa-gatto","9":"animal-type-gatto","10":"designer-united-pets","12":"first","13":"instock","14":"shipping-taxable","15":"purchasable","16":"product-type-simple"},"_links":{"self":[{"href":"https:\/\/unitedpets.com\/fr\/wp-json\/wp\/v2\/product\/6687","targetHints":{"allow":["GET"]}}],"collection":[{"href":"https:\/\/unitedpets.com\/fr\/wp-json\/wp\/v2\/product"}],"about":[{"href":"https:\/\/unitedpets.com\/fr\/wp-json\/wp\/v2\/types\/product"}],"replies":[{"embeddable":true,"href":"https:\/\/unitedpets.com\/fr\/wp-json\/wp\/v2\/comments?post=6687"}],"wp:featuredmedia":[{"embeddable":true,"href":"https:\/\/unitedpets.com\/fr\/wp-json\/wp\/v2\/media\/7298"}],"wp:attachment":[{"href":"https:\/\/unitedpets.com\/fr\/wp-json\/wp\/v2\/media?parent=6687"}],"wp:term":[{"taxonomy":"product_brand","embeddable":true,"href":"https:\/\/unitedpets.com\/fr\/wp-json\/wp\/v2\/product_brand?post=6687"},{"taxonomy":"product_cat","embeddable":true,"href":"https:\/\/unitedpets.com\/fr\/wp-json\/wp\/v2\/product_cat?post=6687"},{"taxonomy":"product_tag","embeddable":true,"href":"https:\/\/unitedpets.com\/fr\/wp-json\/wp\/v2\/product_tag?post=6687"},{"taxonomy":"discount-clusters","embeddable":true,"href":"https:\/\/unitedpets.com\/fr\/wp-json\/wp\/v2\/discount-clusters?post=6687"},{"taxonomy":"collezioni","embeddable":true,"href":"https:\/\/unitedpets.com\/fr\/wp-json\/wp\/v2\/collezioni?post=6687"},{"taxonomy":"eco-friendly","embeddable":true,"href":"https:\/\/unitedpets.com\/fr\/wp-json\/wp\/v2\/eco-friendly?post=6687"},{"taxonomy":"animal-type","embeddable":true,"href":"https:\/\/unitedpets.com\/fr\/wp-json\/wp\/v2\/animal-type?post=6687"},{"taxonomy":"designer","embeddable":true,"href":"https:\/\/unitedpets.com\/fr\/wp-json\/wp\/v2\/designer?post=6687"},{"taxonomy":"stagionalita","embeddable":true,"href":"https:\/\/unitedpets.com\/fr\/wp-json\/wp\/v2\/stagionalita?post=6687"}],"curies":[{"name":"wp","href":"https:\/\/api.w.org\/{rel}","templated":true}]}}