{"id":6688,"date":"2025-05-17T18:13:18","date_gmt":"2025-05-17T16:13:18","guid":{"rendered":"https:\/\/eba.hmy.temporary.site\/prodotto\/cat-view-con-gioco\/"},"modified":"2026-05-07T05:03:10","modified_gmt":"2026-05-07T03:03:10","slug":"vue-du-chat-avec-jeu","status":"publish","type":"product","link":"https:\/\/unitedpets.com\/fr\/prodotto\/cat-view-con-gioco\/","title":{"rendered":"Lit de fen\u00eatre avec ventouse pour chats avec jeu \u201cCat View\u201d"},"content":{"rendered":"<h3>Lit de fen\u00eatre avec ventouse pour chats avec jeu \u201cCat View\u201d<\/h3>\n<p>Cat View est un lit de fen\u00eatre pour les chats qui aiment observer leur territoire d'en haut. Il peut \u00eatre assembl\u00e9 sans outils ; gr\u00e2ce \u00e0 des ventouses tr\u00e8s r\u00e9sistantes et \u00e0 de solides cordes d'acier, il peut supporter une charge maximale de 20 kg. La toile a une face hiver et une face \u00e9t\u00e9. Il est id\u00e9al pour les vitres et les portes vitr\u00e9es.<\/p>","protected":false},"excerpt":{"rendered":"<p>Scopri il lettino da finestra con ventosa per gatti con gioco <a href=\"https:\/\/unitedpets.com\/fr\/product-2\/vue-du-chat-avec-jeu\/\">Cat View<\/a> una soluzione completa pensata per offrire al tuo gatto non solo un comodo spazio di relax ma anche un\u2019esperienza di gioco e stimolazione quotidiana direttamente affacciato sul mondo esterno\u00a0con ventosa per gatti con gioco<a href=\"https:\/\/www.instagram.com\/unitedpets\/\"> Cat View<\/a> una soluzione completa pensata per offrire al tuo gatto non solo un comodo spazio di relax ma anche un\u2019esperienza di gioco e stimolazione quotidiana direttamente affacciato sul mondo esterno<\/p>","protected":false},"featured_media":7305,"comment_status":"closed","ping_status":"closed","template":"","meta":[],"product_brand":[],"product_cat":[56,84,85],"product_tag":[],"discount-clusters":[],"collezioni":[],"eco-friendly":[],"animal-type":[273],"designer":[306],"stagionalita":[],"class_list":{"0":"post-6688","1":"product","2":"type-product","3":"status-publish","4":"has-post-thumbnail","6":"product_cat-gatto","7":"product_cat-casa-gatto","8":"product_cat-cucce-e-cuscini-casa-gatto","9":"animal-type-gatto","10":"designer-united-pets","12":"first","13":"instock","14":"shipping-taxable","15":"purchasable","16":"product-type-simple"},"_links":{"self":[{"href":"https:\/\/unitedpets.com\/fr\/wp-json\/wp\/v2\/product\/6688","targetHints":{"allow":["GET"]}}],"collection":[{"href":"https:\/\/unitedpets.com\/fr\/wp-json\/wp\/v2\/product"}],"about":[{"href":"https:\/\/unitedpets.com\/fr\/wp-json\/wp\/v2\/types\/product"}],"replies":[{"embeddable":true,"href":"https:\/\/unitedpets.com\/fr\/wp-json\/wp\/v2\/comments?post=6688"}],"wp:featuredmedia":[{"embeddable":true,"href":"https:\/\/unitedpets.com\/fr\/wp-json\/wp\/v2\/media\/7305"}],"wp:attachment":[{"href":"https:\/\/unitedpets.com\/fr\/wp-json\/wp\/v2\/media?parent=6688"}],"wp:term":[{"taxonomy":"product_brand","embeddable":true,"href":"https:\/\/unitedpets.com\/fr\/wp-json\/wp\/v2\/product_brand?post=6688"},{"taxonomy":"product_cat","embeddable":true,"href":"https:\/\/unitedpets.com\/fr\/wp-json\/wp\/v2\/product_cat?post=6688"},{"taxonomy":"product_tag","embeddable":true,"href":"https:\/\/unitedpets.com\/fr\/wp-json\/wp\/v2\/product_tag?post=6688"},{"taxonomy":"discount-clusters","embeddable":true,"href":"https:\/\/unitedpets.com\/fr\/wp-json\/wp\/v2\/discount-clusters?post=6688"},{"taxonomy":"collezioni","embeddable":true,"href":"https:\/\/unitedpets.com\/fr\/wp-json\/wp\/v2\/collezioni?post=6688"},{"taxonomy":"eco-friendly","embeddable":true,"href":"https:\/\/unitedpets.com\/fr\/wp-json\/wp\/v2\/eco-friendly?post=6688"},{"taxonomy":"animal-type","embeddable":true,"href":"https:\/\/unitedpets.com\/fr\/wp-json\/wp\/v2\/animal-type?post=6688"},{"taxonomy":"designer","embeddable":true,"href":"https:\/\/unitedpets.com\/fr\/wp-json\/wp\/v2\/designer?post=6688"},{"taxonomy":"stagionalita","embeddable":true,"href":"https:\/\/unitedpets.com\/fr\/wp-json\/wp\/v2\/stagionalita?post=6688"}],"curies":[{"name":"wp","href":"https:\/\/api.w.org\/{rel}","templated":true}]}}