{"id":6787,"date":"2025-05-17T18:17:05","date_gmt":"2025-05-17T16:17:05","guid":{"rendered":"https:\/\/eba.hmy.temporary.site\/prodotto\/citylife-snacks-dispenser\/"},"modified":"2026-05-07T10:03:12","modified_gmt":"2026-05-07T08:03:12","slug":"distributeur-de-snacks-citylife","status":"publish","type":"product","link":"https:\/\/unitedpets.com\/fr\/prodotto\/citylife-snacks-dispenser\/","title":{"rendered":"Distributeur de friandises herm\u00e9tique pour chiens \u2013 CITYLIFE\u202f"},"content":{"rendered":"<h1>Dispenser porta snack salva freschezza per cani &#8211;\u00a0CITYLIFE<\/h1>\n<p>Le distributeur de friandises pour chiens, qui pr\u00e9serve la fra\u00eecheur, est con\u00e7u pour \u00e9viter l'humidit\u00e9 et l'oxydation, ce qui permet de conserver la fra\u00eecheur des friandises de votre chien. L\u00e9ger et portable, il offre un acc\u00e8s rapide gr\u00e2ce \u00e0 sa fermeture s\u00e9curis\u00e9e, ce qui le rend id\u00e9al pour les promenades et le dressage.<\/p>","protected":false},"excerpt":{"rendered":"<p>Il <strong><a href=\"https:\/\/unitedpets.com\/fr\/product-2\/distributeur-de-snacks-citylife\/\">dispenser porta snack<\/a> per cani <a href=\"https:\/\/www.instagram.com\/unitedpets\/\">CITYLIFE<\/a><\/strong> \u00e8 l\u2019accessorio ideale per chi desidera gestire al meglio i momenti di addestramento e le passeggiate quotidiane con il proprio cane.<\/p>","protected":false},"featured_media":7628,"comment_status":"closed","ping_status":"closed","template":"","meta":[],"product_brand":[],"product_cat":[55,61,19],"product_tag":[],"discount-clusters":[],"collezioni":[335],"eco-friendly":[328],"animal-type":[272],"designer":[306],"stagionalita":[],"class_list":{"0":"post-6787","1":"product","2":"type-product","3":"status-publish","4":"has-post-thumbnail","6":"product_cat-cane","7":"product_cat-collari-e-guinzagli","8":"product_cat-passeggio","9":"collezioni-cl","10":"eco-friendly-yes","11":"animal-type-cane","12":"designer-united-pets","14":"first","15":"outofstock","16":"shipping-taxable","17":"purchasable","18":"product-type-variable","19":"has-default-attributes"},"_links":{"self":[{"href":"https:\/\/unitedpets.com\/fr\/wp-json\/wp\/v2\/product\/6787","targetHints":{"allow":["GET"]}}],"collection":[{"href":"https:\/\/unitedpets.com\/fr\/wp-json\/wp\/v2\/product"}],"about":[{"href":"https:\/\/unitedpets.com\/fr\/wp-json\/wp\/v2\/types\/product"}],"replies":[{"embeddable":true,"href":"https:\/\/unitedpets.com\/fr\/wp-json\/wp\/v2\/comments?post=6787"}],"wp:featuredmedia":[{"embeddable":true,"href":"https:\/\/unitedpets.com\/fr\/wp-json\/wp\/v2\/media\/7628"}],"wp:attachment":[{"href":"https:\/\/unitedpets.com\/fr\/wp-json\/wp\/v2\/media?parent=6787"}],"wp:term":[{"taxonomy":"product_brand","embeddable":true,"href":"https:\/\/unitedpets.com\/fr\/wp-json\/wp\/v2\/product_brand?post=6787"},{"taxonomy":"product_cat","embeddable":true,"href":"https:\/\/unitedpets.com\/fr\/wp-json\/wp\/v2\/product_cat?post=6787"},{"taxonomy":"product_tag","embeddable":true,"href":"https:\/\/unitedpets.com\/fr\/wp-json\/wp\/v2\/product_tag?post=6787"},{"taxonomy":"discount-clusters","embeddable":true,"href":"https:\/\/unitedpets.com\/fr\/wp-json\/wp\/v2\/discount-clusters?post=6787"},{"taxonomy":"collezioni","embeddable":true,"href":"https:\/\/unitedpets.com\/fr\/wp-json\/wp\/v2\/collezioni?post=6787"},{"taxonomy":"eco-friendly","embeddable":true,"href":"https:\/\/unitedpets.com\/fr\/wp-json\/wp\/v2\/eco-friendly?post=6787"},{"taxonomy":"animal-type","embeddable":true,"href":"https:\/\/unitedpets.com\/fr\/wp-json\/wp\/v2\/animal-type?post=6787"},{"taxonomy":"designer","embeddable":true,"href":"https:\/\/unitedpets.com\/fr\/wp-json\/wp\/v2\/designer?post=6787"},{"taxonomy":"stagionalita","embeddable":true,"href":"https:\/\/unitedpets.com\/fr\/wp-json\/wp\/v2\/stagionalita?post=6787"}],"curies":[{"name":"wp","href":"https:\/\/api.w.org\/{rel}","templated":true}]}}