{"id":6821,"date":"2025-05-17T18:17:19","date_gmt":"2025-05-17T16:17:19","guid":{"rendered":"https:\/\/eba.hmy.temporary.site\/prodotto\/complete-me-dispenser\/"},"modified":"2026-04-19T17:03:42","modified_gmt":"2026-04-19T15:03:42","slug":"distributeur-complete-me","status":"publish","type":"product","link":"https:\/\/unitedpets.com\/fr\/prodotto\/complete-me-dispenser\/","title":{"rendered":"Dispenser porta sacchetti per cane &#8211;  Complete Me"},"content":{"rendered":"<h3>Dispenser porta sacchetti per cane &#8211; Complete Me<\/h3>\n<p>Distributeur de sacs hygi\u00e9niques avec mousqueton pratique et \u00e9quip\u00e9 de velcro pour attacher de jolis patchs. Contient un rouleau de 10 sacs biod\u00e9gradables, faciles \u00e0 changer gr\u00e2ce \u00e0 la fermeture \u00e9clair. Les deux formats de recharge Nano et Regular conviennent. D\u00e9couvrez la collection Complete Me et jouez avec les combinaisons en choisissant la laisse dans votre couleur pr\u00e9f\u00e9r\u00e9e et enrichissez le style de votre compagnon \u00e0 quatre pattes avec une d\u00e9coration florale assortie.<\/p>","protected":false},"excerpt":{"rendered":"<p data-start=\"125\" data-end=\"559\"><a href=\"http:\/\/: https:\/\/unitedpets.com\/prodotto\/complete-me-dispenser\/ \u200e\">Compra ora<\/a> il dispenser porta sacchetti per cane <a href=\"https:\/\/www.instagram.com\/unitedpets\/\">Complete Me<\/a> \u00e8 l\u2019accessorio pratico e funzionale perfetto per le passeggiate quotidiane. Dotato di un comodo moschettone, pu\u00f2 essere facilmente agganciato a guinzagli, cinture o borse, garantendo di avere sempre a portata di mano i sacchetti igienici.<\/p>","protected":false},"featured_media":7738,"comment_status":"closed","ping_status":"closed","template":"","meta":[],"product_brand":[],"product_cat":[55,61,19],"product_tag":[],"discount-clusters":[],"collezioni":[332],"eco-friendly":[],"animal-type":[272],"designer":[280],"stagionalita":[],"class_list":{"0":"post-6821","1":"product","2":"type-product","3":"status-publish","4":"has-post-thumbnail","6":"product_cat-cane","7":"product_cat-collari-e-guinzagli","8":"product_cat-passeggio","9":"collezioni-gcm","10":"animal-type-cane","11":"designer-gianfranco-primiceri-e-fabio-cencioni","13":"first","14":"outofstock","15":"shipping-taxable","16":"purchasable","17":"product-type-variable","18":"has-default-attributes"},"_links":{"self":[{"href":"https:\/\/unitedpets.com\/fr\/wp-json\/wp\/v2\/product\/6821","targetHints":{"allow":["GET"]}}],"collection":[{"href":"https:\/\/unitedpets.com\/fr\/wp-json\/wp\/v2\/product"}],"about":[{"href":"https:\/\/unitedpets.com\/fr\/wp-json\/wp\/v2\/types\/product"}],"replies":[{"embeddable":true,"href":"https:\/\/unitedpets.com\/fr\/wp-json\/wp\/v2\/comments?post=6821"}],"wp:featuredmedia":[{"embeddable":true,"href":"https:\/\/unitedpets.com\/fr\/wp-json\/wp\/v2\/media\/7738"}],"wp:attachment":[{"href":"https:\/\/unitedpets.com\/fr\/wp-json\/wp\/v2\/media?parent=6821"}],"wp:term":[{"taxonomy":"product_brand","embeddable":true,"href":"https:\/\/unitedpets.com\/fr\/wp-json\/wp\/v2\/product_brand?post=6821"},{"taxonomy":"product_cat","embeddable":true,"href":"https:\/\/unitedpets.com\/fr\/wp-json\/wp\/v2\/product_cat?post=6821"},{"taxonomy":"product_tag","embeddable":true,"href":"https:\/\/unitedpets.com\/fr\/wp-json\/wp\/v2\/product_tag?post=6821"},{"taxonomy":"discount-clusters","embeddable":true,"href":"https:\/\/unitedpets.com\/fr\/wp-json\/wp\/v2\/discount-clusters?post=6821"},{"taxonomy":"collezioni","embeddable":true,"href":"https:\/\/unitedpets.com\/fr\/wp-json\/wp\/v2\/collezioni?post=6821"},{"taxonomy":"eco-friendly","embeddable":true,"href":"https:\/\/unitedpets.com\/fr\/wp-json\/wp\/v2\/eco-friendly?post=6821"},{"taxonomy":"animal-type","embeddable":true,"href":"https:\/\/unitedpets.com\/fr\/wp-json\/wp\/v2\/animal-type?post=6821"},{"taxonomy":"designer","embeddable":true,"href":"https:\/\/unitedpets.com\/fr\/wp-json\/wp\/v2\/designer?post=6821"},{"taxonomy":"stagionalita","embeddable":true,"href":"https:\/\/unitedpets.com\/fr\/wp-json\/wp\/v2\/stagionalita?post=6821"}],"curies":[{"name":"wp","href":"https:\/\/api.w.org\/{rel}","templated":true}]}}