{"id":6850,"date":"2025-05-17T18:17:37","date_gmt":"2025-05-17T16:17:37","guid":{"rendered":"https:\/\/eba.hmy.temporary.site\/prodotto\/complete-me-guinzaglio\/"},"modified":"2026-05-06T12:02:57","modified_gmt":"2026-05-06T10:02:57","slug":"laisse-complete-me","status":"publish","type":"product","link":"https:\/\/unitedpets.com\/fr\/prodotto\/complete-me-guinzaglio\/","title":{"rendered":"Complete Me - Laisse"},"content":{"rendered":"<h1>Complete Me - Laisse<\/h1>\n<p>Laisse en nylon avec poign\u00e9e en microfibre douce pour allier confort et style. \u00c9quip\u00e9e de velcro pour l'application de jolis patchs et agr\u00e9ment\u00e9e de d\u00e9tails inoxydables. D\u00e9couvrez la collection Complete Me et jouez avec les combinaisons en choisissant le harnais dans votre couleur pr\u00e9f\u00e9r\u00e9e et enrichissez le style de votre compagnon \u00e0 quatre pattes avec une rose d\u00e9corative assortie.<\/p>","protected":false},"excerpt":{"rendered":"<p data-start=\"88\" data-end=\"538\"><a href=\"https:\/\/unitedpets.com\/fr\/product-2\/laisse-complete-me\/?attribute_pa_colore=camouflage&amp;attribute_pa_taglia=s\">Compra ora<\/a> il guinzaglio<a href=\"https:\/\/www.instagram.com\/unitedpets\/\"> Complete Me<\/a> unisce comfort, stile e personalizzazione per rendere ogni passeggiata con il tuo cane un\u2019esperienza unica. Realizzato in nylon resistente, \u00e8 dotato di una morbida maniglia in microfibra che garantisce una presa comoda anche durante le uscite pi\u00f9 lunghe.\u00a0Complete Me unisce comfort, stile e personalizzazione per rendere ogni passeggiata con il tuo cane un\u2019esperienza unica. Realizzato in nylon resistente, \u00e8 dotato di una morbida maniglia in microfibra che garantisce una presa comoda anche durante le uscite pi\u00f9 lunghe.<\/p>","protected":false},"featured_media":7807,"comment_status":"closed","ping_status":"closed","template":"","meta":[],"product_brand":[],"product_cat":[55,61,19],"product_tag":[],"discount-clusters":[],"collezioni":[332,333],"eco-friendly":[],"animal-type":[272],"designer":[277],"stagionalita":[],"class_list":{"0":"post-6850","1":"product","2":"type-product","3":"status-publish","4":"has-post-thumbnail","6":"product_cat-cane","7":"product_cat-collari-e-guinzagli","8":"product_cat-passeggio","9":"collezioni-gcm","10":"collezioni-ld","11":"animal-type-cane","12":"designer-gianfranco-primiceri","14":"first","15":"outofstock","16":"shipping-taxable","17":"purchasable","18":"product-type-variable","19":"has-default-attributes"},"_links":{"self":[{"href":"https:\/\/unitedpets.com\/fr\/wp-json\/wp\/v2\/product\/6850","targetHints":{"allow":["GET"]}}],"collection":[{"href":"https:\/\/unitedpets.com\/fr\/wp-json\/wp\/v2\/product"}],"about":[{"href":"https:\/\/unitedpets.com\/fr\/wp-json\/wp\/v2\/types\/product"}],"replies":[{"embeddable":true,"href":"https:\/\/unitedpets.com\/fr\/wp-json\/wp\/v2\/comments?post=6850"}],"wp:featuredmedia":[{"embeddable":true,"href":"https:\/\/unitedpets.com\/fr\/wp-json\/wp\/v2\/media\/7807"}],"wp:attachment":[{"href":"https:\/\/unitedpets.com\/fr\/wp-json\/wp\/v2\/media?parent=6850"}],"wp:term":[{"taxonomy":"product_brand","embeddable":true,"href":"https:\/\/unitedpets.com\/fr\/wp-json\/wp\/v2\/product_brand?post=6850"},{"taxonomy":"product_cat","embeddable":true,"href":"https:\/\/unitedpets.com\/fr\/wp-json\/wp\/v2\/product_cat?post=6850"},{"taxonomy":"product_tag","embeddable":true,"href":"https:\/\/unitedpets.com\/fr\/wp-json\/wp\/v2\/product_tag?post=6850"},{"taxonomy":"discount-clusters","embeddable":true,"href":"https:\/\/unitedpets.com\/fr\/wp-json\/wp\/v2\/discount-clusters?post=6850"},{"taxonomy":"collezioni","embeddable":true,"href":"https:\/\/unitedpets.com\/fr\/wp-json\/wp\/v2\/collezioni?post=6850"},{"taxonomy":"eco-friendly","embeddable":true,"href":"https:\/\/unitedpets.com\/fr\/wp-json\/wp\/v2\/eco-friendly?post=6850"},{"taxonomy":"animal-type","embeddable":true,"href":"https:\/\/unitedpets.com\/fr\/wp-json\/wp\/v2\/animal-type?post=6850"},{"taxonomy":"designer","embeddable":true,"href":"https:\/\/unitedpets.com\/fr\/wp-json\/wp\/v2\/designer?post=6850"},{"taxonomy":"stagionalita","embeddable":true,"href":"https:\/\/unitedpets.com\/fr\/wp-json\/wp\/v2\/stagionalita?post=6850"}],"curies":[{"name":"wp","href":"https:\/\/api.w.org\/{rel}","templated":true}]}}