{"id":6868,"date":"2025-05-17T18:17:47","date_gmt":"2025-05-17T16:17:47","guid":{"rendered":"https:\/\/eba.hmy.temporary.site\/prodotto\/complete-me-patches\/"},"modified":"2026-05-05T07:03:02","modified_gmt":"2026-05-05T05:03:02","slug":"me-completer-les-patchs","status":"publish","type":"product","link":"https:\/\/unitedpets.com\/fr\/prodotto\/complete-me-patches\/","title":{"rendered":"Accessorio decorativo &#8220;Patches&#8221; &#8211; Complete Me"},"content":{"rendered":"<h1>Accessorio decorativo &#8220;Patches&#8221; &#8211; Complete Me<\/h1>\n<p>Lot de 3 d\u00e9corations pour embellir vos accessoires. Dot\u00e9es de velcro, elles peuvent \u00eatre attach\u00e9es aux laisses et harnais de la ligne Complete Me. Chaque paquet contient le logo United Pets, un c\u0153ur et les mots \u201cLove\u201d. Cr\u00e9ez votre propre ensemble d'accessoires ! La ligne Complete Me comprend un collier, une laisse, un harnais, un distributeur, un twilly et des patchs d\u00e9coratifs. Choisissez votre motif pr\u00e9f\u00e9r\u00e9 ou combinez les diff\u00e9rents motifs pour exprimer votre style et celui de votre animal. distributeur, twilly et patch d\u00e9coratif. Choisissez votre motif pr\u00e9f\u00e9r\u00e9 ou combinez les diff\u00e9rents motifs pour exprimer votre style et celui de votre animal.<\/p>","protected":false},"excerpt":{"rendered":"<p data-start=\"101\" data-end=\"465\"><a href=\"https:\/\/unitedpets.com\/fr\/product-2\/me-completer-les-patchs\/\">Compra ora <\/a>il tuo set di patch accessorio decorativo &#8220;Patches&#8221; della linea <a href=\"https:\/\/www.instagram.com\/unitedpets\/\">Complete Me<\/a> \u00e8 pensato per aggiungere un tocco personale e originale ai tuoi accessori per cani. Ogni confezione include tre decorazioni: il logo United Pets, un cuore e la scritta \u201cLove\u201d, tutte dotate di velcro per un\u2019applicazione facile e sicura su guinzagli, pettorine e altri accessori della linea Complete Me.<\/p>","protected":false},"featured_media":7860,"comment_status":"closed","ping_status":"closed","template":"","meta":[],"product_brand":[],"product_cat":[55,61,19],"product_tag":[],"discount-clusters":[],"collezioni":[332,333],"eco-friendly":[],"animal-type":[272],"designer":[277],"stagionalita":[],"class_list":{"0":"post-6868","1":"product","2":"type-product","3":"status-publish","4":"has-post-thumbnail","6":"product_cat-cane","7":"product_cat-collari-e-guinzagli","8":"product_cat-passeggio","9":"collezioni-gcm","10":"collezioni-ld","11":"animal-type-cane","12":"designer-gianfranco-primiceri","14":"first","15":"instock","16":"shipping-taxable","17":"purchasable","18":"product-type-simple"},"_links":{"self":[{"href":"https:\/\/unitedpets.com\/fr\/wp-json\/wp\/v2\/product\/6868","targetHints":{"allow":["GET"]}}],"collection":[{"href":"https:\/\/unitedpets.com\/fr\/wp-json\/wp\/v2\/product"}],"about":[{"href":"https:\/\/unitedpets.com\/fr\/wp-json\/wp\/v2\/types\/product"}],"replies":[{"embeddable":true,"href":"https:\/\/unitedpets.com\/fr\/wp-json\/wp\/v2\/comments?post=6868"}],"wp:featuredmedia":[{"embeddable":true,"href":"https:\/\/unitedpets.com\/fr\/wp-json\/wp\/v2\/media\/7860"}],"wp:attachment":[{"href":"https:\/\/unitedpets.com\/fr\/wp-json\/wp\/v2\/media?parent=6868"}],"wp:term":[{"taxonomy":"product_brand","embeddable":true,"href":"https:\/\/unitedpets.com\/fr\/wp-json\/wp\/v2\/product_brand?post=6868"},{"taxonomy":"product_cat","embeddable":true,"href":"https:\/\/unitedpets.com\/fr\/wp-json\/wp\/v2\/product_cat?post=6868"},{"taxonomy":"product_tag","embeddable":true,"href":"https:\/\/unitedpets.com\/fr\/wp-json\/wp\/v2\/product_tag?post=6868"},{"taxonomy":"discount-clusters","embeddable":true,"href":"https:\/\/unitedpets.com\/fr\/wp-json\/wp\/v2\/discount-clusters?post=6868"},{"taxonomy":"collezioni","embeddable":true,"href":"https:\/\/unitedpets.com\/fr\/wp-json\/wp\/v2\/collezioni?post=6868"},{"taxonomy":"eco-friendly","embeddable":true,"href":"https:\/\/unitedpets.com\/fr\/wp-json\/wp\/v2\/eco-friendly?post=6868"},{"taxonomy":"animal-type","embeddable":true,"href":"https:\/\/unitedpets.com\/fr\/wp-json\/wp\/v2\/animal-type?post=6868"},{"taxonomy":"designer","embeddable":true,"href":"https:\/\/unitedpets.com\/fr\/wp-json\/wp\/v2\/designer?post=6868"},{"taxonomy":"stagionalita","embeddable":true,"href":"https:\/\/unitedpets.com\/fr\/wp-json\/wp\/v2\/stagionalita?post=6868"}],"curies":[{"name":"wp","href":"https:\/\/api.w.org\/{rel}","templated":true}]}}