{"id":6870,"date":"2025-05-17T18:17:55","date_gmt":"2025-05-17T16:17:55","guid":{"rendered":"https:\/\/eba.hmy.temporary.site\/prodotto\/filtro-ai-carboni-attivi\/"},"modified":"2026-04-17T06:02:21","modified_gmt":"2026-04-17T04:02:21","slug":"filtre-a-charbon-actif","status":"publish","type":"product","link":"https:\/\/unitedpets.com\/fr\/prodotto\/filtro-ai-carboni-attivi\/","title":{"rendered":"Filtre \u00e0 charbon actif de remplacement pour le bac \u00e0 liti\u00e8re Min\u00f9"},"content":{"rendered":"<h3>Filtre \u00e0 charbon actif de remplacement pour le bac \u00e0 liti\u00e8re Min\u00f9<\/h3>\n<p>Pack de 3 filtres \u00e0 charbon actif pour liti\u00e8re Min\u00f9. Paquet de 3 (paquet de 12)<\/p>","protected":false},"excerpt":{"rendered":"<p>Il <a href=\"https:\/\/unitedpets.com\/fr\/product-2\/filtre-a-charbon-actif\/\">ricambio filtro<\/a> ai carboni attivi per <a href=\"https:\/\/www.instagram.com\/unitedpets\/\">lettiera Min\u00f9<\/a> \u00e8 l\u2019accessorio perfetto per mantenere la lettiera del tuo gatto sempre pulita e priva di odori sgradevoli. Grazie alla tecnologia ai carboni attivi, questi filtri trattengono efficacemente gli odori, garantendo un ambiente fresco e igienico sia per il gatto che per la casa.<\/p>","protected":false},"featured_media":8574,"comment_status":"closed","ping_status":"closed","template":"","meta":[],"product_brand":[],"product_cat":[56,18,91],"product_tag":[],"discount-clusters":[],"collezioni":[],"eco-friendly":[],"animal-type":[273],"designer":[306],"stagionalita":[],"class_list":{"0":"post-6870","1":"product","2":"type-product","3":"status-publish","4":"has-post-thumbnail","6":"product_cat-gatto","7":"product_cat-igiene-gatto","8":"product_cat-vaschette-igieniche","9":"animal-type-gatto","10":"designer-united-pets","12":"first","13":"instock","14":"shipping-taxable","15":"purchasable","16":"product-type-simple"},"_links":{"self":[{"href":"https:\/\/unitedpets.com\/fr\/wp-json\/wp\/v2\/product\/6870","targetHints":{"allow":["GET"]}}],"collection":[{"href":"https:\/\/unitedpets.com\/fr\/wp-json\/wp\/v2\/product"}],"about":[{"href":"https:\/\/unitedpets.com\/fr\/wp-json\/wp\/v2\/types\/product"}],"replies":[{"embeddable":true,"href":"https:\/\/unitedpets.com\/fr\/wp-json\/wp\/v2\/comments?post=6870"}],"wp:featuredmedia":[{"embeddable":true,"href":"https:\/\/unitedpets.com\/fr\/wp-json\/wp\/v2\/media\/8574"}],"wp:attachment":[{"href":"https:\/\/unitedpets.com\/fr\/wp-json\/wp\/v2\/media?parent=6870"}],"wp:term":[{"taxonomy":"product_brand","embeddable":true,"href":"https:\/\/unitedpets.com\/fr\/wp-json\/wp\/v2\/product_brand?post=6870"},{"taxonomy":"product_cat","embeddable":true,"href":"https:\/\/unitedpets.com\/fr\/wp-json\/wp\/v2\/product_cat?post=6870"},{"taxonomy":"product_tag","embeddable":true,"href":"https:\/\/unitedpets.com\/fr\/wp-json\/wp\/v2\/product_tag?post=6870"},{"taxonomy":"discount-clusters","embeddable":true,"href":"https:\/\/unitedpets.com\/fr\/wp-json\/wp\/v2\/discount-clusters?post=6870"},{"taxonomy":"collezioni","embeddable":true,"href":"https:\/\/unitedpets.com\/fr\/wp-json\/wp\/v2\/collezioni?post=6870"},{"taxonomy":"eco-friendly","embeddable":true,"href":"https:\/\/unitedpets.com\/fr\/wp-json\/wp\/v2\/eco-friendly?post=6870"},{"taxonomy":"animal-type","embeddable":true,"href":"https:\/\/unitedpets.com\/fr\/wp-json\/wp\/v2\/animal-type?post=6870"},{"taxonomy":"designer","embeddable":true,"href":"https:\/\/unitedpets.com\/fr\/wp-json\/wp\/v2\/designer?post=6870"},{"taxonomy":"stagionalita","embeddable":true,"href":"https:\/\/unitedpets.com\/fr\/wp-json\/wp\/v2\/stagionalita?post=6870"}],"curies":[{"name":"wp","href":"https:\/\/api.w.org\/{rel}","templated":true}]}}