{"id":6878,"date":"2025-05-17T18:18:22","date_gmt":"2025-05-17T16:18:22","guid":{"rendered":"https:\/\/eba.hmy.temporary.site\/prodotto\/o-bowl\/"},"modified":"2026-05-06T06:03:12","modified_gmt":"2026-05-06T04:03:12","slug":"o-cuvette","status":"publish","type":"product","link":"https:\/\/unitedpets.com\/fr\/prodotto\/o-bowl\/","title":{"rendered":"Gamelle de voyage en silicone pour chien moyen \u201cO-bowl\u201d"},"content":{"rendered":"<h1>Gamelle de voyage en silicone pour chien moyen \u201cO-bowl\u201d<\/h1>\n<p>Bol de voyage pliable pratique en silicone doux et non toxique et anneau en polypropyl\u00e8ne. Gr\u00e2ce \u00e0 sa nature flexible, il se plie facilement et se compacte au minimum lorsqu'il n'est pas utilis\u00e9. \u00c9quip\u00e9 d'un mousqueton pratique, vous pouvez l'accrocher n'importe o\u00f9 pour le garder \u00e0 port\u00e9e de main. Il est facilement lavable. Parfaite pour l'eau et la nourriture, elle s'adapte parfaitement \u00e0 vos besoins quotidiens. Pliable et pratique \u00e0 transporter.<\/p>","protected":false},"excerpt":{"rendered":"<p>Ciotola Da Viaggio <a href=\"https:\/\/unitedpets.com\/fr\/product-2\/o-cuvette\/\">&#8220;O-Bowl&#8221;<\/a> \u00e8 pieghevole in morbido silicone atossico e ghiera in polipropilene. Grazie alla sua natura flessibile, si piega con facilit\u00e0 e si compatta riducendo l\u2019ingombro al minimo quando non in uso. Dotata di un pratico moschettone, puoi appenderla ovunque per averla sempre a portata di mano.<\/p>","protected":false},"featured_media":8901,"comment_status":"closed","ping_status":"closed","template":"","meta":[],"product_brand":[],"product_cat":[55,63,65,19,67],"product_tag":[],"discount-clusters":[],"collezioni":[],"eco-friendly":[],"animal-type":[272],"designer":[306],"stagionalita":[],"class_list":{"0":"post-6878","1":"product","2":"type-product","3":"status-publish","4":"has-post-thumbnail","6":"product_cat-cane","7":"product_cat-casa","8":"product_cat-ciotole-e-accessori","9":"product_cat-passeggio","10":"product_cat-viaggio-e-trasporto","11":"animal-type-cane","12":"designer-united-pets","14":"first","15":"instock","16":"shipping-taxable","17":"purchasable","18":"product-type-simple"},"_links":{"self":[{"href":"https:\/\/unitedpets.com\/fr\/wp-json\/wp\/v2\/product\/6878","targetHints":{"allow":["GET"]}}],"collection":[{"href":"https:\/\/unitedpets.com\/fr\/wp-json\/wp\/v2\/product"}],"about":[{"href":"https:\/\/unitedpets.com\/fr\/wp-json\/wp\/v2\/types\/product"}],"replies":[{"embeddable":true,"href":"https:\/\/unitedpets.com\/fr\/wp-json\/wp\/v2\/comments?post=6878"}],"wp:featuredmedia":[{"embeddable":true,"href":"https:\/\/unitedpets.com\/fr\/wp-json\/wp\/v2\/media\/8901"}],"wp:attachment":[{"href":"https:\/\/unitedpets.com\/fr\/wp-json\/wp\/v2\/media?parent=6878"}],"wp:term":[{"taxonomy":"product_brand","embeddable":true,"href":"https:\/\/unitedpets.com\/fr\/wp-json\/wp\/v2\/product_brand?post=6878"},{"taxonomy":"product_cat","embeddable":true,"href":"https:\/\/unitedpets.com\/fr\/wp-json\/wp\/v2\/product_cat?post=6878"},{"taxonomy":"product_tag","embeddable":true,"href":"https:\/\/unitedpets.com\/fr\/wp-json\/wp\/v2\/product_tag?post=6878"},{"taxonomy":"discount-clusters","embeddable":true,"href":"https:\/\/unitedpets.com\/fr\/wp-json\/wp\/v2\/discount-clusters?post=6878"},{"taxonomy":"collezioni","embeddable":true,"href":"https:\/\/unitedpets.com\/fr\/wp-json\/wp\/v2\/collezioni?post=6878"},{"taxonomy":"eco-friendly","embeddable":true,"href":"https:\/\/unitedpets.com\/fr\/wp-json\/wp\/v2\/eco-friendly?post=6878"},{"taxonomy":"animal-type","embeddable":true,"href":"https:\/\/unitedpets.com\/fr\/wp-json\/wp\/v2\/animal-type?post=6878"},{"taxonomy":"designer","embeddable":true,"href":"https:\/\/unitedpets.com\/fr\/wp-json\/wp\/v2\/designer?post=6878"},{"taxonomy":"stagionalita","embeddable":true,"href":"https:\/\/unitedpets.com\/fr\/wp-json\/wp\/v2\/stagionalita?post=6878"}],"curies":[{"name":"wp","href":"https:\/\/api.w.org\/{rel}","templated":true}]}}