{"id":6971,"date":"2025-05-17T18:19:40","date_gmt":"2025-05-17T16:19:40","guid":{"rendered":"https:\/\/eba.hmy.temporary.site\/prodotto\/seletti-ciotola-les-alpes\/"},"modified":"2026-05-11T01:03:21","modified_gmt":"2026-05-10T23:03:21","slug":"bol-seletti-les-alpes","status":"publish","type":"product","link":"https:\/\/unitedpets.com\/fr\/prodotto\/seletti-ciotola-les-alpes\/","title":{"rendered":"Gamelle \u201cLes Alpes\u201d \u2013 Seletti"},"content":{"rendered":"<h3>Gamelle \u201cLes Alpes\u201d \u2013 Seletti<\/h3>\n<p>Bol en c\u00e9ramique polie. La c\u00e9ramique est un mat\u00e9riau hygi\u00e9nique, facile \u00e0 nettoyer et qui n'absorbe pas les odeurs des aliments. Le poids de la cuvette la rend extr\u00eamement stable. Passe au lave-vaisselle.<\/p>","protected":false},"excerpt":{"rendered":"<p data-start=\"0\" data-end=\"477\"><a href=\"https:\/\/unitedpets.com\/fr\/product-2\/bol-seletti-les-alpes\/\">Ciotola Les Alpes Seletti<\/a> \u00e8 un accessorio per animali domestici che unisce estetica contemporanea, funzionalit\u00e0 e qualit\u00e0 dei materiali, pensato per rendere il momento della pappa pi\u00f9 pratico e piacevole per cani e gatti.<\/p>","protected":false},"featured_media":9047,"comment_status":"closed","ping_status":"closed","template":"","meta":[],"product_brand":[],"product_cat":[55,63,65],"product_tag":[96],"discount-clusters":[],"collezioni":[333],"eco-friendly":[],"animal-type":[272],"designer":[275,306],"stagionalita":[115],"class_list":{"0":"post-6971","1":"product","2":"type-product","3":"status-publish","4":"has-post-thumbnail","6":"product_cat-cane","7":"product_cat-casa","8":"product_cat-ciotole-e-accessori","9":"product_tag-collab","10":"collezioni-ld","11":"animal-type-cane","12":"designer-seletti","13":"designer-united-pets","14":"stagionalita-pets-revolution","16":"first","17":"instock","18":"shipping-taxable","19":"purchasable","20":"product-type-simple"},"_links":{"self":[{"href":"https:\/\/unitedpets.com\/fr\/wp-json\/wp\/v2\/product\/6971","targetHints":{"allow":["GET"]}}],"collection":[{"href":"https:\/\/unitedpets.com\/fr\/wp-json\/wp\/v2\/product"}],"about":[{"href":"https:\/\/unitedpets.com\/fr\/wp-json\/wp\/v2\/types\/product"}],"replies":[{"embeddable":true,"href":"https:\/\/unitedpets.com\/fr\/wp-json\/wp\/v2\/comments?post=6971"}],"wp:featuredmedia":[{"embeddable":true,"href":"https:\/\/unitedpets.com\/fr\/wp-json\/wp\/v2\/media\/9047"}],"wp:attachment":[{"href":"https:\/\/unitedpets.com\/fr\/wp-json\/wp\/v2\/media?parent=6971"}],"wp:term":[{"taxonomy":"product_brand","embeddable":true,"href":"https:\/\/unitedpets.com\/fr\/wp-json\/wp\/v2\/product_brand?post=6971"},{"taxonomy":"product_cat","embeddable":true,"href":"https:\/\/unitedpets.com\/fr\/wp-json\/wp\/v2\/product_cat?post=6971"},{"taxonomy":"product_tag","embeddable":true,"href":"https:\/\/unitedpets.com\/fr\/wp-json\/wp\/v2\/product_tag?post=6971"},{"taxonomy":"discount-clusters","embeddable":true,"href":"https:\/\/unitedpets.com\/fr\/wp-json\/wp\/v2\/discount-clusters?post=6971"},{"taxonomy":"collezioni","embeddable":true,"href":"https:\/\/unitedpets.com\/fr\/wp-json\/wp\/v2\/collezioni?post=6971"},{"taxonomy":"eco-friendly","embeddable":true,"href":"https:\/\/unitedpets.com\/fr\/wp-json\/wp\/v2\/eco-friendly?post=6971"},{"taxonomy":"animal-type","embeddable":true,"href":"https:\/\/unitedpets.com\/fr\/wp-json\/wp\/v2\/animal-type?post=6971"},{"taxonomy":"designer","embeddable":true,"href":"https:\/\/unitedpets.com\/fr\/wp-json\/wp\/v2\/designer?post=6971"},{"taxonomy":"stagionalita","embeddable":true,"href":"https:\/\/unitedpets.com\/fr\/wp-json\/wp\/v2\/stagionalita?post=6971"}],"curies":[{"name":"wp","href":"https:\/\/api.w.org\/{rel}","templated":true}]}}