{"id":6974,"date":"2025-05-17T18:19:50","date_gmt":"2025-05-17T16:19:50","guid":{"rendered":"https:\/\/eba.hmy.temporary.site\/prodotto\/seletti-set-cuccia-doggy-mood\/"},"modified":"2026-04-19T16:02:29","modified_gmt":"2026-04-19T14:02:29","slug":"seletti-doggy-mood-kennel-set","status":"publish","type":"product","link":"https:\/\/unitedpets.com\/fr\/prodotto\/seletti-set-cuccia-doggy-mood\/","title":{"rendered":"Ensemble niche moelleuse et tapis de dessous de niche \u201cDoggy Mood\u201d \u2013 Seletti"},"content":{"rendered":"<h3>Ensemble niche moelleuse et tapis de dessous de niche \u201cDoggy Mood\u201d \u2013 Seletti<\/h3>\n<p>Ensemble chenil et tapis d'\u00e9veil souples. Niche avec dos rembourr\u00e9 et fond antid\u00e9rapant. Le cadre et le coussin sont amovibles et lavables en machine \u00e0 30\u00b0C. Tapis d'\u00e9veil avec impression assortie, imperm\u00e9able et avec fond antid\u00e9rapant.<\/p>","protected":false},"excerpt":{"rendered":"<p>Il <a href=\"https:\/\/unitedpets.com\/fr\/product-2\/seletti-doggy-mood-kennel-set\/\">set cuccia Doggy Mood<\/a> par <a href=\"https:\/\/www.instagram.com\/unitedpets\/\">Seletti<\/a> \u00e8 la soluzione ideale per chi desidera una cuccia per cani confortevole funzionale e dal design moderno pensata per garantire il massimo benessere al tuo animale domestico e allo stesso tempo valorizzare l\u2019arredamento di casa.<\/p>","protected":false},"featured_media":9061,"comment_status":"closed","ping_status":"closed","template":"","meta":[],"product_brand":[],"product_cat":[55,63,64],"product_tag":[96],"discount-clusters":[],"collezioni":[333],"eco-friendly":[],"animal-type":[272],"designer":[275,306],"stagionalita":[115],"class_list":{"0":"post-6974","1":"product","2":"type-product","3":"status-publish","4":"has-post-thumbnail","6":"product_cat-cane","7":"product_cat-casa","8":"product_cat-cucce-e-cuscini","9":"product_tag-collab","10":"collezioni-ld","11":"animal-type-cane","12":"designer-seletti","13":"designer-united-pets","14":"stagionalita-pets-revolution","16":"first","17":"instock","18":"shipping-taxable","19":"purchasable","20":"product-type-simple"},"_links":{"self":[{"href":"https:\/\/unitedpets.com\/fr\/wp-json\/wp\/v2\/product\/6974","targetHints":{"allow":["GET"]}}],"collection":[{"href":"https:\/\/unitedpets.com\/fr\/wp-json\/wp\/v2\/product"}],"about":[{"href":"https:\/\/unitedpets.com\/fr\/wp-json\/wp\/v2\/types\/product"}],"replies":[{"embeddable":true,"href":"https:\/\/unitedpets.com\/fr\/wp-json\/wp\/v2\/comments?post=6974"}],"wp:featuredmedia":[{"embeddable":true,"href":"https:\/\/unitedpets.com\/fr\/wp-json\/wp\/v2\/media\/9061"}],"wp:attachment":[{"href":"https:\/\/unitedpets.com\/fr\/wp-json\/wp\/v2\/media?parent=6974"}],"wp:term":[{"taxonomy":"product_brand","embeddable":true,"href":"https:\/\/unitedpets.com\/fr\/wp-json\/wp\/v2\/product_brand?post=6974"},{"taxonomy":"product_cat","embeddable":true,"href":"https:\/\/unitedpets.com\/fr\/wp-json\/wp\/v2\/product_cat?post=6974"},{"taxonomy":"product_tag","embeddable":true,"href":"https:\/\/unitedpets.com\/fr\/wp-json\/wp\/v2\/product_tag?post=6974"},{"taxonomy":"discount-clusters","embeddable":true,"href":"https:\/\/unitedpets.com\/fr\/wp-json\/wp\/v2\/discount-clusters?post=6974"},{"taxonomy":"collezioni","embeddable":true,"href":"https:\/\/unitedpets.com\/fr\/wp-json\/wp\/v2\/collezioni?post=6974"},{"taxonomy":"eco-friendly","embeddable":true,"href":"https:\/\/unitedpets.com\/fr\/wp-json\/wp\/v2\/eco-friendly?post=6974"},{"taxonomy":"animal-type","embeddable":true,"href":"https:\/\/unitedpets.com\/fr\/wp-json\/wp\/v2\/animal-type?post=6974"},{"taxonomy":"designer","embeddable":true,"href":"https:\/\/unitedpets.com\/fr\/wp-json\/wp\/v2\/designer?post=6974"},{"taxonomy":"stagionalita","embeddable":true,"href":"https:\/\/unitedpets.com\/fr\/wp-json\/wp\/v2\/stagionalita?post=6974"}],"curies":[{"name":"wp","href":"https:\/\/api.w.org\/{rel}","templated":true}]}}