{"id":6977,"date":"2025-05-17T18:20:22","date_gmt":"2025-05-17T16:20:22","guid":{"rendered":"https:\/\/eba.hmy.temporary.site\/prodotto\/seletti-set-cuccia-new-york\/"},"modified":"2026-05-01T19:03:24","modified_gmt":"2026-05-01T17:03:24","slug":"seletti-kennel-set-new-york","status":"publish","type":"product","link":"https:\/\/unitedpets.com\/fr\/prodotto\/seletti-set-cuccia-new-york\/","title":{"rendered":"Ensemble niche moelleuse et tapis de dessous de niche \u201cNew York\u201d \u2013 Seletti"},"content":{"rendered":"<h3>Ensemble niche moelleuse et tapis de dessous de niche \u201cNew York\u201d \u2013 Seletti<\/h3>\n<p>Ensemble chenil et tapis d'\u00e9veil souples. Niche avec dos rembourr\u00e9 et fond antid\u00e9rapant. Le cadre et le coussin sont amovibles et lavables en machine \u00e0 30\u00b0C. Tapis d'\u00e9veil avec impression assortie, imperm\u00e9able et avec fond antid\u00e9rapant.<\/p>","protected":false},"excerpt":{"rendered":"<p><a href=\"https:\/\/unitedpets.com\/fr\/product-2\/seletti-kennel-set-new-york\/\">Set cuccia morbida e tappetino sottocuccia<\/a> <a href=\"https:\/\/www.instagram.com\/unitedpets\/\">New York Seletti<\/a> \u00e8 una soluzione completa pensata per offrire al tuo cane uno spazio di riposo confortevole, sicuro e perfettamente integrato nello stile della casa. Nato dalla collaborazione tra Seletti e United Pets, questo set rappresenta un perfetto equilibrio tra design contemporaneo e funzionalit\u00e0 quotidiana, trasformando l\u2019area dedicata al relax del tuo animale in un vero elemento d\u2019arredo<\/p>","protected":false},"featured_media":9073,"comment_status":"closed","ping_status":"closed","template":"","meta":[],"product_brand":[],"product_cat":[55,63,64],"product_tag":[96],"discount-clusters":[],"collezioni":[333],"eco-friendly":[],"animal-type":[272],"designer":[275,306],"stagionalita":[115],"class_list":{"0":"post-6977","1":"product","2":"type-product","3":"status-publish","4":"has-post-thumbnail","6":"product_cat-cane","7":"product_cat-casa","8":"product_cat-cucce-e-cuscini","9":"product_tag-collab","10":"collezioni-ld","11":"animal-type-cane","12":"designer-seletti","13":"designer-united-pets","14":"stagionalita-pets-revolution","16":"first","17":"instock","18":"shipping-taxable","19":"purchasable","20":"product-type-simple"},"_links":{"self":[{"href":"https:\/\/unitedpets.com\/fr\/wp-json\/wp\/v2\/product\/6977","targetHints":{"allow":["GET"]}}],"collection":[{"href":"https:\/\/unitedpets.com\/fr\/wp-json\/wp\/v2\/product"}],"about":[{"href":"https:\/\/unitedpets.com\/fr\/wp-json\/wp\/v2\/types\/product"}],"replies":[{"embeddable":true,"href":"https:\/\/unitedpets.com\/fr\/wp-json\/wp\/v2\/comments?post=6977"}],"wp:featuredmedia":[{"embeddable":true,"href":"https:\/\/unitedpets.com\/fr\/wp-json\/wp\/v2\/media\/9073"}],"wp:attachment":[{"href":"https:\/\/unitedpets.com\/fr\/wp-json\/wp\/v2\/media?parent=6977"}],"wp:term":[{"taxonomy":"product_brand","embeddable":true,"href":"https:\/\/unitedpets.com\/fr\/wp-json\/wp\/v2\/product_brand?post=6977"},{"taxonomy":"product_cat","embeddable":true,"href":"https:\/\/unitedpets.com\/fr\/wp-json\/wp\/v2\/product_cat?post=6977"},{"taxonomy":"product_tag","embeddable":true,"href":"https:\/\/unitedpets.com\/fr\/wp-json\/wp\/v2\/product_tag?post=6977"},{"taxonomy":"discount-clusters","embeddable":true,"href":"https:\/\/unitedpets.com\/fr\/wp-json\/wp\/v2\/discount-clusters?post=6977"},{"taxonomy":"collezioni","embeddable":true,"href":"https:\/\/unitedpets.com\/fr\/wp-json\/wp\/v2\/collezioni?post=6977"},{"taxonomy":"eco-friendly","embeddable":true,"href":"https:\/\/unitedpets.com\/fr\/wp-json\/wp\/v2\/eco-friendly?post=6977"},{"taxonomy":"animal-type","embeddable":true,"href":"https:\/\/unitedpets.com\/fr\/wp-json\/wp\/v2\/animal-type?post=6977"},{"taxonomy":"designer","embeddable":true,"href":"https:\/\/unitedpets.com\/fr\/wp-json\/wp\/v2\/designer?post=6977"},{"taxonomy":"stagionalita","embeddable":true,"href":"https:\/\/unitedpets.com\/fr\/wp-json\/wp\/v2\/stagionalita?post=6977"}],"curies":[{"name":"wp","href":"https:\/\/api.w.org\/{rel}","templated":true}]}}