{"id":6978,"date":"2025-05-17T18:20:26","date_gmt":"2025-05-17T16:20:26","guid":{"rendered":"https:\/\/eba.hmy.temporary.site\/prodotto\/seletti-tappetino-sottociotola-doggymood\/"},"modified":"2026-05-04T22:02:33","modified_gmt":"2026-05-04T20:02:33","slug":"seletti-doggymood-sous-matelas","status":"publish","type":"product","link":"https:\/\/unitedpets.com\/fr\/prodotto\/seletti-tappetino-sottociotola-doggymood\/","title":{"rendered":"Tapis sous gamelle \u201cDoggymood\u201d \u2013 Seletti"},"content":{"rendered":"<h3>Tapis sous gamelle \u201cDoggymood\u201d \u2013 Seletti<\/h3>\n<p>Seletti et United Pets s'associent pour cr\u00e9er une collection r\u00e9volutionnaire d\u00e9di\u00e9e aux amis \u00e0 quatre pattes. Tapis pour chenil et al\u00e8se, bol et al\u00e8se en quatre motifs originaux : Maldives, Les Alpes, New York, DoggyMood. Quel est votre pr\u00e9f\u00e9r\u00e9 ?<\/p>","protected":false},"excerpt":{"rendered":"<p><a href=\"https:\/\/unitedpets.com\/fr\/product-2\/seletti-doggymood-sous-matelas\/\">La collaborazione tra Seletti<\/a> e <a href=\"https:\/\/www.instagram.com\/unitedpets\/\">Animaux domestiques unis<\/a> d\u00e0 vita a una collezione innovativa pensata per rivoluzionare il mondo degli accessori per animali domestici, unendo design creativo e funzionalit\u00e0 in una linea completa dedicata agli amici a quattro zampe. Questa capsule collection si distingue per uno stile unico e riconoscibile, capace di trasformare oggetti quotidiani in veri elementi d\u2019arredo<\/p>","protected":false},"featured_media":9077,"comment_status":"closed","ping_status":"closed","template":"","meta":[],"product_brand":[],"product_cat":[55,63,65],"product_tag":[96],"discount-clusters":[],"collezioni":[333],"eco-friendly":[],"animal-type":[272],"designer":[275,306],"stagionalita":[115],"class_list":{"0":"post-6978","1":"product","2":"type-product","3":"status-publish","4":"has-post-thumbnail","6":"product_cat-cane","7":"product_cat-casa","8":"product_cat-ciotole-e-accessori","9":"product_tag-collab","10":"collezioni-ld","11":"animal-type-cane","12":"designer-seletti","13":"designer-united-pets","14":"stagionalita-pets-revolution","16":"first","17":"instock","18":"shipping-taxable","19":"purchasable","20":"product-type-simple"},"_links":{"self":[{"href":"https:\/\/unitedpets.com\/fr\/wp-json\/wp\/v2\/product\/6978","targetHints":{"allow":["GET"]}}],"collection":[{"href":"https:\/\/unitedpets.com\/fr\/wp-json\/wp\/v2\/product"}],"about":[{"href":"https:\/\/unitedpets.com\/fr\/wp-json\/wp\/v2\/types\/product"}],"replies":[{"embeddable":true,"href":"https:\/\/unitedpets.com\/fr\/wp-json\/wp\/v2\/comments?post=6978"}],"wp:featuredmedia":[{"embeddable":true,"href":"https:\/\/unitedpets.com\/fr\/wp-json\/wp\/v2\/media\/9077"}],"wp:attachment":[{"href":"https:\/\/unitedpets.com\/fr\/wp-json\/wp\/v2\/media?parent=6978"}],"wp:term":[{"taxonomy":"product_brand","embeddable":true,"href":"https:\/\/unitedpets.com\/fr\/wp-json\/wp\/v2\/product_brand?post=6978"},{"taxonomy":"product_cat","embeddable":true,"href":"https:\/\/unitedpets.com\/fr\/wp-json\/wp\/v2\/product_cat?post=6978"},{"taxonomy":"product_tag","embeddable":true,"href":"https:\/\/unitedpets.com\/fr\/wp-json\/wp\/v2\/product_tag?post=6978"},{"taxonomy":"discount-clusters","embeddable":true,"href":"https:\/\/unitedpets.com\/fr\/wp-json\/wp\/v2\/discount-clusters?post=6978"},{"taxonomy":"collezioni","embeddable":true,"href":"https:\/\/unitedpets.com\/fr\/wp-json\/wp\/v2\/collezioni?post=6978"},{"taxonomy":"eco-friendly","embeddable":true,"href":"https:\/\/unitedpets.com\/fr\/wp-json\/wp\/v2\/eco-friendly?post=6978"},{"taxonomy":"animal-type","embeddable":true,"href":"https:\/\/unitedpets.com\/fr\/wp-json\/wp\/v2\/animal-type?post=6978"},{"taxonomy":"designer","embeddable":true,"href":"https:\/\/unitedpets.com\/fr\/wp-json\/wp\/v2\/designer?post=6978"},{"taxonomy":"stagionalita","embeddable":true,"href":"https:\/\/unitedpets.com\/fr\/wp-json\/wp\/v2\/stagionalita?post=6978"}],"curies":[{"name":"wp","href":"https:\/\/api.w.org\/{rel}","templated":true}]}}