{"id":6979,"date":"2025-05-17T18:20:29","date_gmt":"2025-05-17T16:20:29","guid":{"rendered":"https:\/\/eba.hmy.temporary.site\/prodotto\/seletti-tappetino-sottociotola-les-alpes\/"},"modified":"2026-04-15T01:03:19","modified_gmt":"2026-04-14T23:03:19","slug":"seletti-underlay-mat-les-alpes","status":"publish","type":"product","link":"https:\/\/unitedpets.com\/fr\/prodotto\/seletti-tappetino-sottociotola-les-alpes\/","title":{"rendered":"Tapis sous gamelle \u201cLes Alpes\u201d \u2013 Seletti"},"content":{"rendered":"<h3>Tapis sous gamelle \u201cLes Alpes\u201d \u2013 Seletti<\/h3>\n<p>Seletti et United Pets s'associent pour cr\u00e9er une collection r\u00e9volutionnaire d\u00e9di\u00e9e aux amis \u00e0 quatre pattes. Tapis pour chenil et al\u00e8se, bol et al\u00e8se en quatre motifs originaux : Maldives, Les Alpes, New York, DoggyMood. Quel est votre pr\u00e9f\u00e9r\u00e9 ?<\/p>","protected":false},"excerpt":{"rendered":"<p data-start=\"0\" data-end=\"223\">Il <a href=\"https:\/\/unitedpets.com\/fr\/product-2\/seletti-underlay-mat-les-alpes\/\">tappetino sottociotola <strong data-start=\"26\" data-end=\"39\">Les Alpes<\/strong> <\/a>nasce dalla collaborazione tra <strong data-start=\"71\" data-end=\"82\">Seletti<\/strong> e <strong data-start=\"85\" data-end=\"100\">Animaux domestiques unis<\/strong>, una collezione innovativa pensata per unire funzionalit\u00e0 e stile nella vita quotidiana dei nostri amici a quattro zampe<\/p>\n<p data-start=\"225\" data-end=\"403\">Questo tappetino protegge il pavimento da fuoriuscite di cibo e acqua, offrendo al contempo un tocco di design originale che rende il momento del pasto pi\u00f9 ordinato e piacevole<\/p>\n<p data-start=\"405\" data-end=\"658\">La linea propone quattro fantasie uniche \u2014 Maldive, Les Alpes, New York e DoggyMood \u2014 permettendo di scegliere il modello che meglio si adatta alla tua casa e alla personalit\u00e0 del tuo animale, trasformando la zona pasto in uno spazio allegro e stiloso<\/p>\n<p data-start=\"660\" data-end=\"875\">Oltre alla praticit\u00e0, questi accessori combinano estetica e funzionalit\u00e0, rendendo ogni pasto un\u2019esperienza divertente e curata, perfetta per chi ama circondarsi di dettagli raffinati anche per i propri animali<\/p>","protected":false},"featured_media":9082,"comment_status":"closed","ping_status":"closed","template":"","meta":[],"product_brand":[],"product_cat":[55,63,65],"product_tag":[96],"discount-clusters":[],"collezioni":[333],"eco-friendly":[],"animal-type":[272],"designer":[275,306],"stagionalita":[115],"class_list":{"0":"post-6979","1":"product","2":"type-product","3":"status-publish","4":"has-post-thumbnail","6":"product_cat-cane","7":"product_cat-casa","8":"product_cat-ciotole-e-accessori","9":"product_tag-collab","10":"collezioni-ld","11":"animal-type-cane","12":"designer-seletti","13":"designer-united-pets","14":"stagionalita-pets-revolution","16":"first","17":"instock","18":"shipping-taxable","19":"purchasable","20":"product-type-simple"},"_links":{"self":[{"href":"https:\/\/unitedpets.com\/fr\/wp-json\/wp\/v2\/product\/6979","targetHints":{"allow":["GET"]}}],"collection":[{"href":"https:\/\/unitedpets.com\/fr\/wp-json\/wp\/v2\/product"}],"about":[{"href":"https:\/\/unitedpets.com\/fr\/wp-json\/wp\/v2\/types\/product"}],"replies":[{"embeddable":true,"href":"https:\/\/unitedpets.com\/fr\/wp-json\/wp\/v2\/comments?post=6979"}],"wp:featuredmedia":[{"embeddable":true,"href":"https:\/\/unitedpets.com\/fr\/wp-json\/wp\/v2\/media\/9082"}],"wp:attachment":[{"href":"https:\/\/unitedpets.com\/fr\/wp-json\/wp\/v2\/media?parent=6979"}],"wp:term":[{"taxonomy":"product_brand","embeddable":true,"href":"https:\/\/unitedpets.com\/fr\/wp-json\/wp\/v2\/product_brand?post=6979"},{"taxonomy":"product_cat","embeddable":true,"href":"https:\/\/unitedpets.com\/fr\/wp-json\/wp\/v2\/product_cat?post=6979"},{"taxonomy":"product_tag","embeddable":true,"href":"https:\/\/unitedpets.com\/fr\/wp-json\/wp\/v2\/product_tag?post=6979"},{"taxonomy":"discount-clusters","embeddable":true,"href":"https:\/\/unitedpets.com\/fr\/wp-json\/wp\/v2\/discount-clusters?post=6979"},{"taxonomy":"collezioni","embeddable":true,"href":"https:\/\/unitedpets.com\/fr\/wp-json\/wp\/v2\/collezioni?post=6979"},{"taxonomy":"eco-friendly","embeddable":true,"href":"https:\/\/unitedpets.com\/fr\/wp-json\/wp\/v2\/eco-friendly?post=6979"},{"taxonomy":"animal-type","embeddable":true,"href":"https:\/\/unitedpets.com\/fr\/wp-json\/wp\/v2\/animal-type?post=6979"},{"taxonomy":"designer","embeddable":true,"href":"https:\/\/unitedpets.com\/fr\/wp-json\/wp\/v2\/designer?post=6979"},{"taxonomy":"stagionalita","embeddable":true,"href":"https:\/\/unitedpets.com\/fr\/wp-json\/wp\/v2\/stagionalita?post=6979"}],"curies":[{"name":"wp","href":"https:\/\/api.w.org\/{rel}","templated":true}]}}