{"id":6981,"date":"2025-05-17T18:20:35","date_gmt":"2025-05-17T16:20:35","guid":{"rendered":"https:\/\/eba.hmy.temporary.site\/prodotto\/seletti-tappetino-sottociotola-new-york\/"},"modified":"2026-04-21T10:03:16","modified_gmt":"2026-04-21T08:03:16","slug":"seletti-underlay-mat-new-york","status":"publish","type":"product","link":"https:\/\/unitedpets.com\/fr\/prodotto\/seletti-tappetino-sottociotola-new-york\/","title":{"rendered":"Tapis sous gamelle New York \u2013 Seletti"},"content":{"rendered":"<h3>Tapis sous gamelle New York \u2013 Seletti<\/h3>\n<p>Seletti et United Pets s'associent pour cr\u00e9er une collection r\u00e9volutionnaire d\u00e9di\u00e9e aux amis \u00e0 quatre pattes. Niche et tapis d'\u00e9veil, gamelle et tapis d'\u00e9veil en quatre motifs originaux : Maldives, Les Alpes, New York, DoggyMood. Lequel pr\u00e9f\u00e9rez-vous ?<\/p>","protected":false},"excerpt":{"rendered":"<p><a href=\"https:\/\/unitedpets.com\/fr\/product-2\/seletti-underlay-mat-new-york\/\">Tappetino sottociotola New York Seletti<\/a> \u00e8 un <a href=\"https:\/\/www.instagram.com\/unitedpets\/\">accessorio di design<\/a> pensato per unire funzionalit\u00e0 e stile all\u2019interno degli spazi dedicati al tuo cane, trasformando un semplice momento quotidiano come quello della pappa in un\u2019esperienza curata nei minimi dettagli. Nato dalla collaborazione tra Seletti e United Pets, questo tappetino rappresenta una perfetta fusione tra creativit\u00e0 e praticit\u00e0, portando nel mondo pet un\u2019estetica contemporanea e distintiva<\/p>","protected":false},"featured_media":9091,"comment_status":"closed","ping_status":"closed","template":"","meta":[],"product_brand":[],"product_cat":[55,63,65],"product_tag":[96],"discount-clusters":[],"collezioni":[333],"eco-friendly":[],"animal-type":[272],"designer":[275,306],"stagionalita":[115],"class_list":{"0":"post-6981","1":"product","2":"type-product","3":"status-publish","4":"has-post-thumbnail","6":"product_cat-cane","7":"product_cat-casa","8":"product_cat-ciotole-e-accessori","9":"product_tag-collab","10":"collezioni-ld","11":"animal-type-cane","12":"designer-seletti","13":"designer-united-pets","14":"stagionalita-pets-revolution","16":"first","17":"instock","18":"shipping-taxable","19":"purchasable","20":"product-type-simple"},"_links":{"self":[{"href":"https:\/\/unitedpets.com\/fr\/wp-json\/wp\/v2\/product\/6981","targetHints":{"allow":["GET"]}}],"collection":[{"href":"https:\/\/unitedpets.com\/fr\/wp-json\/wp\/v2\/product"}],"about":[{"href":"https:\/\/unitedpets.com\/fr\/wp-json\/wp\/v2\/types\/product"}],"replies":[{"embeddable":true,"href":"https:\/\/unitedpets.com\/fr\/wp-json\/wp\/v2\/comments?post=6981"}],"wp:featuredmedia":[{"embeddable":true,"href":"https:\/\/unitedpets.com\/fr\/wp-json\/wp\/v2\/media\/9091"}],"wp:attachment":[{"href":"https:\/\/unitedpets.com\/fr\/wp-json\/wp\/v2\/media?parent=6981"}],"wp:term":[{"taxonomy":"product_brand","embeddable":true,"href":"https:\/\/unitedpets.com\/fr\/wp-json\/wp\/v2\/product_brand?post=6981"},{"taxonomy":"product_cat","embeddable":true,"href":"https:\/\/unitedpets.com\/fr\/wp-json\/wp\/v2\/product_cat?post=6981"},{"taxonomy":"product_tag","embeddable":true,"href":"https:\/\/unitedpets.com\/fr\/wp-json\/wp\/v2\/product_tag?post=6981"},{"taxonomy":"discount-clusters","embeddable":true,"href":"https:\/\/unitedpets.com\/fr\/wp-json\/wp\/v2\/discount-clusters?post=6981"},{"taxonomy":"collezioni","embeddable":true,"href":"https:\/\/unitedpets.com\/fr\/wp-json\/wp\/v2\/collezioni?post=6981"},{"taxonomy":"eco-friendly","embeddable":true,"href":"https:\/\/unitedpets.com\/fr\/wp-json\/wp\/v2\/eco-friendly?post=6981"},{"taxonomy":"animal-type","embeddable":true,"href":"https:\/\/unitedpets.com\/fr\/wp-json\/wp\/v2\/animal-type?post=6981"},{"taxonomy":"designer","embeddable":true,"href":"https:\/\/unitedpets.com\/fr\/wp-json\/wp\/v2\/designer?post=6981"},{"taxonomy":"stagionalita","embeddable":true,"href":"https:\/\/unitedpets.com\/fr\/wp-json\/wp\/v2\/stagionalita?post=6981"}],"curies":[{"name":"wp","href":"https:\/\/api.w.org\/{rel}","templated":true}]}}