{"id":9372,"date":"2025-06-20T23:59:02","date_gmt":"2025-06-20T21:59:02","guid":{"rendered":"https:\/\/eba.hmy.temporary.site\/?post_type=product&#038;p=9372"},"modified":"2026-04-20T14:11:36","modified_gmt":"2026-04-20T12:11:36","slug":"kit-repas","status":"publish","type":"product","link":"https:\/\/unitedpets.com\/fr\/prodotto\/meal-kit\/","title":{"rendered":"Ensemble gamelle et tapis antid\u00e9rapant\u202f"},"content":{"rendered":"<h3>Ensemble gamelle et tapis antid\u00e9rapant\u202f<\/h3>\n<p>Crea il kit perfetto per la pappa del tuo pet con con il set ciotola e tappetino sotto ciotola. La ciotola Pappy \u00e8 ideale per cani e gatti, realizzata in polipropilene indistruttibile, adatta al contatto con cibo e acqua. Facile da pulire, \u00e8 lavabile in lavastoviglie e presenta piedini in gomma antiscivolo per una maggiore stabilit\u00e0. La pratica maniglia rende la presa ancora pi\u00f9 comoda. Il tappetino Mustaf\u00e0 \u00e8 il complemento ideale: realizzato in gomma termoplastica aromatizzata alla vaniglia, \u00e8 resistente alle alte temperature, antiscivolo e antibatterico, mantenendo l&#8217;area di alimentazione pulita e ordinata. Un set funzionale, resistente e pratico per ogni momento della pappa del tuo pet.<\/p>","protected":false},"excerpt":{"rendered":"<p>Scopri il <a href=\"https:\/\/unitedpets.com\/fr\/product-2\/kit-repas\/\">set ciotola<\/a> e <a href=\"https:\/\/www.instagram.com\/unitedpets\/\">tappetino sottociotola<\/a> la soluzione completa e pratica per rendere i pasti del tuo cane o gatto pi\u00f9 comodi, sicuri e ordinati. Questo kit unisce la ciotola Pappy e il tappetino Mustaf\u00e0, combinando funzionalit\u00e0, resistenza e design in un unico prodotto pensato per semplificare la routine alimentare del tuo animale domestico.<\/p>","protected":false},"featured_media":9373,"comment_status":"closed","ping_status":"closed","template":"","meta":[],"product_brand":[],"product_cat":[55,56,80,92,94,83],"product_tag":[],"discount-clusters":[],"collezioni":[],"eco-friendly":[],"animal-type":[272,273],"designer":[306],"stagionalita":[],"class_list":{"0":"post-9372","1":"product","2":"type-product","3":"status-publish","4":"has-post-thumbnail","6":"product_cat-cane","7":"product_cat-gatto","8":"product_cat-kit","9":"product_cat-kit-gatto","10":"product_cat-kit-pappa-kit-gatto","11":"product_cat-kit-pappa","12":"animal-type-cane","13":"animal-type-gatto","14":"designer-united-pets","16":"first","17":"instock","18":"shipping-taxable","19":"purchasable","20":"product-type-yith_bundle"},"_links":{"self":[{"href":"https:\/\/unitedpets.com\/fr\/wp-json\/wp\/v2\/product\/9372","targetHints":{"allow":["GET"]}}],"collection":[{"href":"https:\/\/unitedpets.com\/fr\/wp-json\/wp\/v2\/product"}],"about":[{"href":"https:\/\/unitedpets.com\/fr\/wp-json\/wp\/v2\/types\/product"}],"replies":[{"embeddable":true,"href":"https:\/\/unitedpets.com\/fr\/wp-json\/wp\/v2\/comments?post=9372"}],"wp:featuredmedia":[{"embeddable":true,"href":"https:\/\/unitedpets.com\/fr\/wp-json\/wp\/v2\/media\/9373"}],"wp:attachment":[{"href":"https:\/\/unitedpets.com\/fr\/wp-json\/wp\/v2\/media?parent=9372"}],"wp:term":[{"taxonomy":"product_brand","embeddable":true,"href":"https:\/\/unitedpets.com\/fr\/wp-json\/wp\/v2\/product_brand?post=9372"},{"taxonomy":"product_cat","embeddable":true,"href":"https:\/\/unitedpets.com\/fr\/wp-json\/wp\/v2\/product_cat?post=9372"},{"taxonomy":"product_tag","embeddable":true,"href":"https:\/\/unitedpets.com\/fr\/wp-json\/wp\/v2\/product_tag?post=9372"},{"taxonomy":"discount-clusters","embeddable":true,"href":"https:\/\/unitedpets.com\/fr\/wp-json\/wp\/v2\/discount-clusters?post=9372"},{"taxonomy":"collezioni","embeddable":true,"href":"https:\/\/unitedpets.com\/fr\/wp-json\/wp\/v2\/collezioni?post=9372"},{"taxonomy":"eco-friendly","embeddable":true,"href":"https:\/\/unitedpets.com\/fr\/wp-json\/wp\/v2\/eco-friendly?post=9372"},{"taxonomy":"animal-type","embeddable":true,"href":"https:\/\/unitedpets.com\/fr\/wp-json\/wp\/v2\/animal-type?post=9372"},{"taxonomy":"designer","embeddable":true,"href":"https:\/\/unitedpets.com\/fr\/wp-json\/wp\/v2\/designer?post=9372"},{"taxonomy":"stagionalita","embeddable":true,"href":"https:\/\/unitedpets.com\/fr\/wp-json\/wp\/v2\/stagionalita?post=9372"}],"curies":[{"name":"wp","href":"https:\/\/api.w.org\/{rel}","templated":true}]}}