{"id":9735,"date":"2025-06-29T23:24:39","date_gmt":"2025-06-29T21:24:39","guid":{"rendered":"https:\/\/unitedpets.com\/?post_type=product&#038;p=9735"},"modified":"2026-04-14T22:03:26","modified_gmt":"2026-04-14T20:03:26","slug":"distributeur-de-sacs-ronds-pets-dream","status":"publish","type":"product","link":"https:\/\/unitedpets.com\/fr\/prodotto\/dispenser-portasacchetti-rotondo-pets-dream\/","title":{"rendered":"Distributeur de sacs pour chiens \u2013 Pets Dream"},"content":{"rendered":"<h3>Distributeur de sacs pour chiens \u2013 Pets Dream<\/h3>\n<p>Le distributeur de sacs hygi\u00e9niques de la collection Pets Dream de United Pets x Cuddles Bimbi est \u00e9quip\u00e9 d'un mousqueton pratique. Il est d\u00e9cor\u00e9 d'un imprim\u00e9 all over. Convient aux sacs hygi\u00e9niques de taille Nano et Regular. D\u00e9couvrez la collection Pets Dream et jouez avec les combinaisons.<\/p>","protected":false},"excerpt":{"rendered":"<p data-start=\"104\" data-end=\"445\"><a href=\"https:\/\/unitedpets.com\/fr\/product-2\/distributeur-de-sacs-ronds-pets-dream\/\">Compra ora<\/a> il dispenser porta sacchetti per cane Pets Dream, parte della collezione United Pets x Coccole Bimbi, unisce funzionalit\u00e0 e stile per le passeggiate quotidiane con il tuo pet. Dotato di un pratico moschettone, pu\u00f2 essere facilmente agganciato a guinzagli, cinture o borse, garantendo di avere sempre i\u00a0dispenser porta sacchetti per canea portata di mano.<\/p>\n<p data-start=\"447\" data-end=\"757\">Decorato con una stampa all-over originale e colorata, il dispenser non \u00e8 solo pratico, ma anche un accessorio fashion che arricchisce lo stile del tuo cane durante le uscite. \u00c8 compatibile con sacchetti igienici di formato Nano e Regular, rendendolo versatile e facile da utilizzare in qualsiasi situazione.<\/p>\n<p data-start=\"759\" data-end=\"1094\">Scopri la collezione Pets Dream e gioca con gli abbinamenti: combina il dispenser con altri accessori coordinati per creare un set completo, funzionale e stiloso. Perfetto per chi cerca praticit\u00e0, resistenza e un tocco di design in pi\u00f9, il dispenser porta sacchetti Pets Dream rende ogni passeggiata pi\u00f9 organizzata e colorata.<\/p>","protected":false},"featured_media":9739,"comment_status":"closed","ping_status":"closed","template":"","meta":[],"product_brand":[],"product_cat":[55,61,19],"product_tag":[],"discount-clusters":[],"collezioni":[],"eco-friendly":[],"animal-type":[272],"designer":[362],"stagionalita":[],"class_list":{"0":"post-9735","1":"product","2":"type-product","3":"status-publish","4":"has-post-thumbnail","6":"product_cat-cane","7":"product_cat-collari-e-guinzagli","8":"product_cat-passeggio","9":"animal-type-cane","10":"designer-united-pets-x-coccolebimbi","12":"first","13":"instock","14":"shipping-taxable","15":"purchasable","16":"product-type-simple"},"_links":{"self":[{"href":"https:\/\/unitedpets.com\/fr\/wp-json\/wp\/v2\/product\/9735","targetHints":{"allow":["GET"]}}],"collection":[{"href":"https:\/\/unitedpets.com\/fr\/wp-json\/wp\/v2\/product"}],"about":[{"href":"https:\/\/unitedpets.com\/fr\/wp-json\/wp\/v2\/types\/product"}],"replies":[{"embeddable":true,"href":"https:\/\/unitedpets.com\/fr\/wp-json\/wp\/v2\/comments?post=9735"}],"wp:featuredmedia":[{"embeddable":true,"href":"https:\/\/unitedpets.com\/fr\/wp-json\/wp\/v2\/media\/9739"}],"wp:attachment":[{"href":"https:\/\/unitedpets.com\/fr\/wp-json\/wp\/v2\/media?parent=9735"}],"wp:term":[{"taxonomy":"product_brand","embeddable":true,"href":"https:\/\/unitedpets.com\/fr\/wp-json\/wp\/v2\/product_brand?post=9735"},{"taxonomy":"product_cat","embeddable":true,"href":"https:\/\/unitedpets.com\/fr\/wp-json\/wp\/v2\/product_cat?post=9735"},{"taxonomy":"product_tag","embeddable":true,"href":"https:\/\/unitedpets.com\/fr\/wp-json\/wp\/v2\/product_tag?post=9735"},{"taxonomy":"discount-clusters","embeddable":true,"href":"https:\/\/unitedpets.com\/fr\/wp-json\/wp\/v2\/discount-clusters?post=9735"},{"taxonomy":"collezioni","embeddable":true,"href":"https:\/\/unitedpets.com\/fr\/wp-json\/wp\/v2\/collezioni?post=9735"},{"taxonomy":"eco-friendly","embeddable":true,"href":"https:\/\/unitedpets.com\/fr\/wp-json\/wp\/v2\/eco-friendly?post=9735"},{"taxonomy":"animal-type","embeddable":true,"href":"https:\/\/unitedpets.com\/fr\/wp-json\/wp\/v2\/animal-type?post=9735"},{"taxonomy":"designer","embeddable":true,"href":"https:\/\/unitedpets.com\/fr\/wp-json\/wp\/v2\/designer?post=9735"},{"taxonomy":"stagionalita","embeddable":true,"href":"https:\/\/unitedpets.com\/fr\/wp-json\/wp\/v2\/stagionalita?post=9735"}],"curies":[{"name":"wp","href":"https:\/\/api.w.org\/{rel}","templated":true}]}}